{"id":851,"date":"2021-09-03T12:37:30","date_gmt":"2021-09-03T10:37:30","guid":{"rendered":"http:\/\/felicea.pl\/?page_id=851"},"modified":"2021-10-20T11:03:31","modified_gmt":"2021-10-20T09:03:31","slug":"dostawa-i-platnosci","status":"publish","type":"page","link":"https:\/\/felicea.pl\/en\/dostawa-i-platnosci\/","title":{"rendered":"Delivery and payment"},"content":{"rendered":"\n<h2 class=\"wp-block-heading\"><strong>P\u0141ATNO\u015aCI:<\/strong><\/h2>\n\n\n\n<p>-tpay.pl \u2013 transfery\/aplikacje bankowe\/ p\u0142atno\u015bci kartami<\/p>\n\n\n\n<p>-Przelew bankowy<\/p>\n\n\n\n<h2 class=\"wp-block-heading\"><strong>NR KONTA DO P\u0141ATNO\u015aCI PRZELEWEM:<\/strong><\/h2>\n\n\n\n<p>19 2490 0005 0000 4500 5613 8689<\/p>\n\n\n\n<p>S-Group<\/p>\n\n\n\n<p>ul.Mokra 2<\/p>\n\n\n\n<p>26-600 Radom<\/p>\n\n\n\n<h2 class=\"wp-block-heading\"><strong>DOSTAWA<\/strong>:<\/h2>\n\n\n\n<p>\u2013 Darmowa wysy\u0142ka do Paczkomatu dla zam\u00f3wienia powy\u017cej 100z\u0142 *Eco-friendly \u2013 zapakowane bez plastiku<\/p>\n\n\n\n<p>\u2013 Darmowa dostawa kurierska Inpost dla zam\u00f3wie\u0144 powy\u017cej 150z\u0142 #lesswaste \u2013 zapakowana bez plastiku \u2013&nbsp;0z\u0142<\/p>\n\n\n\n<p>\u2013 Przesy\u0142ka kurierska 13,00 z\u0142 (InPost \u2013 D+1) *eco-friendly \u2013 pakowane bez plastiku<\/p>\n\n\n\n<p>\u2013 Paczkomaty 11,00 z\u0142 (InPost \u2013 D+1) *eco-friendly \u2013 pakowane bez plastiku (w przypadku wysokich lub niskich temperatur opcja mo\u017ce by\u0107 niedost\u0119pna)<\/p>\n\n\n\n<p>Informujemy: w przypadku braku odbioru przesy\u0142ki z Paczkomatu Inpost,&nbsp;koszty przesy\u0142ki zwrotnej, kt\u00f3re&nbsp;wynosz\u0105 aktualnie 19 z\u0142 ponosi klient, kwota ta&nbsp;zostanie odliczona&nbsp;od kwoty zwr\u00f3conej za zam\u00f3wienie.&nbsp;<\/p>\n\n\n\n<h2 class=\"wp-block-heading\"><strong>PRZESY\u0141KI MI\u0118DZYNARODOWE:<\/strong><\/h2>\n\n\n\n<p>\u2013 Kraje Unii Europejskiej \u2013 56,00 z\u0142 (Paczka Pocztowa Ekonomiczna)<\/p>\n\n\n\n<p>\u2013&nbsp;Kraje spoza Unii Europejskiej \u2013 60,00 z\u0142 (Paczka Pocztowa Ekonomiczna)<\/p>\n\n\n\n<p>\u2013 Wielka Brytania- 100,00 z\u0142 (Przesy\u0142ka kurierska)&nbsp;<\/p>\n\n\n\n<p>Towar wysy\u0142amy maksymalnie w ci\u0105gu dw\u00f3ch&nbsp;dni roboczych od&nbsp;zaksi\u0119gowania wp\u0142aty.<\/p>\n\n\n\n<h2 class=\"wp-block-heading\"><strong>TERMINY DOSTARCZENIA PRZESY\u0141EK:<\/strong><\/h2>\n\n\n\n<p>\u2013 InPost\/DPD \u2013 przesy\u0142ka kurierska \u2013 nast\u0119pny&nbsp;dzie\u0144 roboczy (D+1)<\/p>\n\n\n\n<p>\u2013 InPost\/DPD \u2013 za pobraniem&nbsp;\u2013 nast\u0119pny&nbsp;dzie\u0144 roboczy (D+1)<\/p>\n\n\n\n<p>\u2013 Paczkomaty \u2013 nast\u0119pny&nbsp;dzie\u0144 roboczy (D+1)<\/p>\n\n\n\n<p>\u2013 Poczta Polska \u2013 przesy\u0142ki mi\u0119dzynarodowe \u2013 zgodnie z terminarzem Poczty Polskiej<\/p>\n","protected":false},"excerpt":{"rendered":"<p>P\u0141ATNO\u015aCI: -tpay.pl \u2013 transfery\/aplikacje bankowe\/ p\u0142atno\u015bci kartami -Przelew bankowy NR KONTA DO P\u0141ATNO\u015aCI PRZELEWEM: 19 2490 0005 0000 4500 5613 8689 S-Group ul.Mokra 2 26-600 Radom DOSTAWA: \u2013 Darmowa wysy\u0142ka do Paczkomatu dla zam\u00f3wienia powy\u017cej 100z\u0142<\/p>\n","protected":false},"author":1,"featured_media":0,"parent":0,"menu_order":0,"comment_status":"closed","ping_status":"closed","template":"template-parts\/page-text.php","meta":{"_acf_changed":false,"inline_featured_image":false,"footnotes":""},"class_list":["post-851","page","type-page","status-publish","hentry","entry"],"acf":[],"yoast_head":"<!-- This site is optimized with the Yoast SEO plugin v26.7 - https:\/\/yoast.com\/wordpress\/plugins\/seo\/ -->\n<title>Delivery and payment - Felicea<\/title>\n<meta name=\"robots\" content=\"index, follow, max-snippet:-1, max-image-preview:large, max-video-preview:-1\" \/>\n<link rel=\"canonical\" href=\"https:\/\/felicea.pl\/en\/dostawa-i-platnosci\/\" \/>\n<meta property=\"og:locale\" content=\"en_US\" \/>\n<meta property=\"og:type\" content=\"article\" \/>\n<meta property=\"og:title\" content=\"Delivery and payment - Felicea\" \/>\n<meta property=\"og:description\" content=\"P\u0141ATNO\u015aCI: -tpay.pl \u2013 transfery\/aplikacje bankowe\/ p\u0142atno\u015bci kartami -Przelew bankowy NR KONTA DO P\u0141ATNO\u015aCI PRZELEWEM: 19 2490 0005 0000 4500 5613 8689 S-Group ul.Mokra 2 26-600 Radom DOSTAWA: \u2013 Darmowa wysy\u0142ka do Paczkomatu dla zam\u00f3wienia powy\u017cej 100z\u0142\" \/>\n<meta property=\"og:url\" content=\"https:\/\/felicea.pl\/en\/dostawa-i-platnosci\/\" \/>\n<meta property=\"og:site_name\" content=\"Felicea\" \/>\n<meta property=\"article:modified_time\" content=\"2021-10-20T09:03:31+00:00\" \/>\n<meta name=\"twitter:card\" content=\"summary_large_image\" \/>\n<meta name=\"twitter:label1\" content=\"Est. reading time\" \/>\n\t<meta name=\"twitter:data1\" content=\"1 minute\" \/>\n<script type=\"application\/ld+json\" class=\"yoast-schema-graph\">{\"@context\":\"https:\/\/schema.org\",\"@graph\":[{\"@type\":\"WebPage\",\"@id\":\"https:\/\/felicea.pl\/en\/dostawa-i-platnosci\/\",\"url\":\"https:\/\/felicea.pl\/en\/dostawa-i-platnosci\/\",\"name\":\"Delivery and payment - Felicea\",\"isPartOf\":{\"@id\":\"https:\/\/felicea.pl\/#website\"},\"datePublished\":\"2021-09-03T10:37:30+00:00\",\"dateModified\":\"2021-10-20T09:03:31+00:00\",\"breadcrumb\":{\"@id\":\"https:\/\/felicea.pl\/en\/dostawa-i-platnosci\/#breadcrumb\"},\"inLanguage\":\"en-US\",\"potentialAction\":[{\"@type\":\"ReadAction\",\"target\":[\"https:\/\/felicea.pl\/en\/dostawa-i-platnosci\/\"]}]},{\"@type\":\"BreadcrumbList\",\"@id\":\"https:\/\/felicea.pl\/en\/dostawa-i-platnosci\/#breadcrumb\",\"itemListElement\":[{\"@type\":\"ListItem\",\"position\":1,\"name\":\"Strona g\u0142\u00f3wna\",\"item\":\"https:\/\/felicea.pl\/en\/\"},{\"@type\":\"ListItem\",\"position\":2,\"name\":\"Delivery and payment\"}]},{\"@type\":\"WebSite\",\"@id\":\"https:\/\/felicea.pl\/#website\",\"url\":\"https:\/\/felicea.pl\/\",\"name\":\"Felicea\",\"description\":\"Naturalne kosmetyki do makija\u017cu\",\"publisher\":{\"@id\":\"https:\/\/felicea.pl\/#organization\"},\"alternateName\":\"Naturalne kosmetyki do makija\u017cu\",\"potentialAction\":[{\"@type\":\"SearchAction\",\"target\":{\"@type\":\"EntryPoint\",\"urlTemplate\":\"https:\/\/felicea.pl\/?s={search_term_string}\"},\"query-input\":{\"@type\":\"PropertyValueSpecification\",\"valueRequired\":true,\"valueName\":\"search_term_string\"}}],\"inLanguage\":\"en-US\"},{\"@type\":\"Organization\",\"@id\":\"https:\/\/felicea.pl\/#organization\",\"name\":\"Felicea\",\"alternateName\":\"Naturalne kosmetyki do makija\u017cu\",\"url\":\"https:\/\/felicea.pl\/\",\"logo\":{\"@type\":\"ImageObject\",\"inLanguage\":\"en-US\",\"@id\":\"https:\/\/felicea.pl\/#\/schema\/logo\/image\/\",\"url\":\"https:\/\/felicea.pl\/wp-content\/uploads\/2021\/07\/logo.png\",\"contentUrl\":\"https:\/\/felicea.pl\/wp-content\/uploads\/2021\/07\/logo.png\",\"width\":143,\"height\":36,\"caption\":\"Felicea\"},\"image\":{\"@id\":\"https:\/\/felicea.pl\/#\/schema\/logo\/image\/\"}}]}<\/script>\n<!-- \/ Yoast SEO plugin. -->","yoast_head_json":{"title":"Delivery and payment - Felicea","robots":{"index":"index","follow":"follow","max-snippet":"max-snippet:-1","max-image-preview":"max-image-preview:large","max-video-preview":"max-video-preview:-1"},"canonical":"https:\/\/felicea.pl\/en\/dostawa-i-platnosci\/","og_locale":"en_US","og_type":"article","og_title":"Delivery and payment - Felicea","og_description":"P\u0141ATNO\u015aCI: -tpay.pl \u2013 transfery\/aplikacje bankowe\/ p\u0142atno\u015bci kartami -Przelew bankowy NR KONTA DO P\u0141ATNO\u015aCI PRZELEWEM: 19 2490 0005 0000 4500 5613 8689 S-Group ul.Mokra 2 26-600 Radom DOSTAWA: \u2013 Darmowa wysy\u0142ka do Paczkomatu dla zam\u00f3wienia powy\u017cej 100z\u0142","og_url":"https:\/\/felicea.pl\/en\/dostawa-i-platnosci\/","og_site_name":"Felicea","article_modified_time":"2021-10-20T09:03:31+00:00","twitter_card":"summary_large_image","twitter_misc":{"Est. reading time":"1 minute"},"schema":{"@context":"https:\/\/schema.org","@graph":[{"@type":"WebPage","@id":"https:\/\/felicea.pl\/en\/dostawa-i-platnosci\/","url":"https:\/\/felicea.pl\/en\/dostawa-i-platnosci\/","name":"Delivery and payment - Felicea","isPartOf":{"@id":"https:\/\/felicea.pl\/#website"},"datePublished":"2021-09-03T10:37:30+00:00","dateModified":"2021-10-20T09:03:31+00:00","breadcrumb":{"@id":"https:\/\/felicea.pl\/en\/dostawa-i-platnosci\/#breadcrumb"},"inLanguage":"en-US","potentialAction":[{"@type":"ReadAction","target":["https:\/\/felicea.pl\/en\/dostawa-i-platnosci\/"]}]},{"@type":"BreadcrumbList","@id":"https:\/\/felicea.pl\/en\/dostawa-i-platnosci\/#breadcrumb","itemListElement":[{"@type":"ListItem","position":1,"name":"Strona g\u0142\u00f3wna","item":"https:\/\/felicea.pl\/en\/"},{"@type":"ListItem","position":2,"name":"Delivery and payment"}]},{"@type":"WebSite","@id":"https:\/\/felicea.pl\/#website","url":"https:\/\/felicea.pl\/","name":"Felicea","description":"Naturalne kosmetyki do makija\u017cu","publisher":{"@id":"https:\/\/felicea.pl\/#organization"},"alternateName":"Naturalne kosmetyki do makija\u017cu","potentialAction":[{"@type":"SearchAction","target":{"@type":"EntryPoint","urlTemplate":"https:\/\/felicea.pl\/?s={search_term_string}"},"query-input":{"@type":"PropertyValueSpecification","valueRequired":true,"valueName":"search_term_string"}}],"inLanguage":"en-US"},{"@type":"Organization","@id":"https:\/\/felicea.pl\/#organization","name":"Felicea","alternateName":"Naturalne kosmetyki do makija\u017cu","url":"https:\/\/felicea.pl\/","logo":{"@type":"ImageObject","inLanguage":"en-US","@id":"https:\/\/felicea.pl\/#\/schema\/logo\/image\/","url":"https:\/\/felicea.pl\/wp-content\/uploads\/2021\/07\/logo.png","contentUrl":"https:\/\/felicea.pl\/wp-content\/uploads\/2021\/07\/logo.png","width":143,"height":36,"caption":"Felicea"},"image":{"@id":"https:\/\/felicea.pl\/#\/schema\/logo\/image\/"}}]}},"_links":{"self":[{"href":"https:\/\/felicea.pl\/en\/wp-json\/wp\/v2\/pages\/851","targetHints":{"allow":["GET"]}}],"collection":[{"href":"https:\/\/felicea.pl\/en\/wp-json\/wp\/v2\/pages"}],"about":[{"href":"https:\/\/felicea.pl\/en\/wp-json\/wp\/v2\/types\/page"}],"author":[{"embeddable":true,"href":"https:\/\/felicea.pl\/en\/wp-json\/wp\/v2\/users\/1"}],"replies":[{"embeddable":true,"href":"https:\/\/felicea.pl\/en\/wp-json\/wp\/v2\/comments?post=851"}],"version-history":[{"count":3,"href":"https:\/\/felicea.pl\/en\/wp-json\/wp\/v2\/pages\/851\/revisions"}],"predecessor-version":[{"id":2061,"href":"https:\/\/felicea.pl\/en\/wp-json\/wp\/v2\/pages\/851\/revisions\/2061"}],"wp:attachment":[{"href":"https:\/\/felicea.pl\/en\/wp-json\/wp\/v2\/media?parent=851"}],"curies":[{"name":"wp","href":"https:\/\/api.w.org\/{rel}","templated":true}]}}