{"id":2613,"date":"2022-02-23T10:37:45","date_gmt":"2022-02-23T09:37:45","guid":{"rendered":"https:\/\/felicea.pl\/faq\/"},"modified":"2022-02-23T10:58:55","modified_gmt":"2022-02-23T09:58:55","slug":"faq","status":"publish","type":"page","link":"https:\/\/felicea.pl\/en\/faq\/","title":{"rendered":"FAQ"},"content":{"rendered":"\n<div style=\"height:20px\" aria-hidden=\"true\" class=\"wp-block-spacer\"><\/div>\n\n<p class=\"has-text-align-left\"> <\/p>\n\n<p><strong>Naturalny podk\u0142ad:<\/strong><strong><\/strong><\/p>\n\n<p><strong>1. Czy mo\u017cna nak\u0142<\/strong><strong>ada<\/strong><strong>\u0107 pod Naturalny Podk\u0142ad Felicea krem nawil\u017caj\u0105cy? Czy nie zwa\u017cy to produktu?<\/strong><\/p>\n\n<p>Tak, mo\u017cna nak\u0142ada\u0107 krem. Odpowiednia piel\u0119gnacja sk\u00f3ry jest wskazana przed na\u0142o\u017ceniem makija\u017cu.<\/p>\n\n<p><strong>2. Czy krycie mo\u017cna stopniowa\u0107 poprzez nak\u0142adanie kolejnych warstw Naturalego Podk\u0142<\/strong><strong>adu<\/strong><strong> Felicea<\/strong><strong>?<\/strong><strong><\/strong><\/p>\n\n<p>Tak, mo\u017cna regulowa\u0107 intensywno\u015b\u0107 krycia r\u00f3wnie\u017c poprzez spos\u00f3b nak\u0142adania podk\u0142adu. Delikatne i r\u00f3wnomierne krycie uzyskamy nak\u0142adaj\u0105c podk\u0142ad wilgotn\u0105 g\u0105beczk\u0105. Bardziej intensywne krycie rozprowadzaj\u0105c produkt p\u0119dzlem lub opuszkami palc\u00f3w.<\/p>\n\n<p><strong>3. Przez jaki czas Naturalny Podk\u0142ad Felicea utrzymuje si\u0119 na sk\u00f3rze twarzy?<\/strong><strong><\/strong><\/p>\n\n<p>Podk\u0142ad jest trwa\u0142y. Utrzymuje si\u0119 na sk\u00f3rze przez wiele godzin (potwierdzone przez 100% probant\u00f3w).<\/p>\n\n<p><strong>4. Czy kolory lub sk\u0142ad Naturalnego Podk\u0142adu Felicea uleg\u0142y zmianie?<\/strong><\/p>\n\n<p>Nie, kolory ani sk\u0142ad Naturalnego Podk\u0142adu Felicea nie zmieni\u0142y si\u0119. Wprowadzili\u015bmy jedynie now\u0105, bardziej czyteln\u0105 numeracj\u0119:<\/p>\n\n<ul class=\"wp-block-list\"><li>#131 = #405 light<\/li><li>#133 = #415 natural beige<\/li><li>#132 = #425 medium<\/li><\/ul>\n\n<p><strong>5. Czy Naturalny Podk\u0142ad Felicea posiada filtr chroni\u0105cy przed promieniami s\u0142onecznymi?<\/strong><strong><\/strong><\/p>\n\n<p>Nie.<\/p>\n\n<p><strong>6. Dlaczego w Naturalnym Podk\u0142adzie Felicea znajduje si\u0119 aluminium? <\/strong><strong><\/strong><\/p>\n\n<p>W sk\u0142ad Naturalnego Podk\u0142adu Felicea wchodzi Aluminium Hydroxide czyli wodorotlenek glinu, kt\u00f3ry r\u00f3\u017cni si\u0119 zasadniczo od aluminium (pierwiastkowego, metalicznego, soli aluminium cz\u0119sto stosowanymi w antyperspirantach) w\u0142a\u015bciwo\u015bciami chemicznymi i fizycznymi, funkcjami i potencjalnym dzia\u0142aniem toksycznym.<\/p>\n\n<p>Wodorotlenek glinu zastosowywany w Naturalnym Podk\u0142adzie Felicea to surowiec pochodzenia naturalnego (wg ISO16128), jest on otoczk\u0105 pigmentu, bieli tytanowej. Jest w pe\u0142ni bezpieczny do stosowania w kosmetykach, posiada certyfikaty potwierdzaj\u0105ce, \u017ce nie jest on dra\u017cni\u0105cy dla sk\u00f3ry, nie uczula, nie jest mutagenny i teratogenny. Surowiec ten posiada certyfikat EcoCert i jest zalecany do u\u017cytku w kosmetykach naturalnych.<\/p>\n\n<p><strong>7. Czy dwutlenek tytanu zawarty w Naturalnym Podk\u0142adzie Felicea jest bezpieczny?<\/strong><strong><\/strong><\/p>\n\n<p>Zastosowany dwutlenek tytanu to surowiec pochodzenia mineralnego, kt\u00f3ry dodatkowo posiada certyfikat EcoCert, jest rekomendowany do u\u017cytku w kosmetykach naturalnych. Jest to surowiec w pe\u0142ni bezpieczny, niemikronizowany. Jest podstawowym sk\u0142adnikiem Naturalnego Podk\u0142adu Felicea, w\u0142a\u015bnie on nadaje mu nie tylko odpowiedni kolor ale r\u00f3wnie\u017c w\u0142a\u015bciw\u0105 konsystencj\u0119.<\/p>\n\n<p><strong>8. Czy kolor Naturalnego Podk\u0142adu Felicea uleg\u0142 zmianie? Ten w nowym opakowaniu wydaje si\u0119 ja\u015bniejszy.<\/strong><\/p>\n\n<p>Nie, kolor Naturalnego Podk\u0142adu Felicea pozosta\u0142 bez zmian. Podk\u0142ady, kt\u00f3re s\u0105 u\u017cytkowane delikatnie ciemniej\u0105 pod wp\u0142ywem powietrza. Produkty nowe s\u0105 ja\u015bniejsze, ale po na\u0142o\u017ceniu na sk\u00f3r\u0119 kolor delikatnie zmienia si\u0119 na ciemniejszy. To naturalny efekt oksydacji.<\/p>\n\n<p><strong>Naturalny Puder:<\/strong><\/p>\n\n<p>1. <strong>Czy kolory lub sk\u0142ad Naturalnego Pudru Felicea uleg\u0142y zmianie?<\/strong><\/p>\n\n<p>Nie, kolory ani sk\u0142ad Naturalnego Pudru Felicea nie zmieni\u0142y si\u0119. Wprowadzili\u015bmy jedynie now\u0105, bardziej czyteln\u0105 numeracj\u0119:<\/p>\n\n<ul class=\"wp-block-list\"><li>#101 = #505 ch\u0142odny piasek<\/li><li>#104 = #515 jasny piasek<\/li><li>#102 = #525 ciep\u0142y piasek<\/li><\/ul>\n\n<p><strong>Naturalna Szminka:<\/strong><strong><\/strong><\/p>\n\n<p><strong>1. Jaka jest trwa\u0142o\u015b\u0107 Naturalnej Szminki Felicea<\/strong><strong>?<\/strong><strong><\/strong><\/p>\n\n<p>Szminka jest trwa\u0142a, wszystko dzi\u0119ki wysokiej zawarto\u015bci pigment\u00f3w. W efekcie kolor d\u0142ugo utrzymuje si\u0119 na ustach.<\/p>\n\n<p><strong>2. Jak zmieni\u0142y si\u0119 odcienie i numeracja Naturalnej Szminki Felicea?<\/strong><\/p>\n\n<p>Kolory Naturalnej Szmiki Felicea zosta\u0142y od\u015bwie\u017cone, bez zmian pozosta\u0142y jedynie dwa bestsellerowe kolory:<\/p>\n\n<p>#24 szary r\u00f3\u017c = #212 mellow<\/p>\n\n<p>#28 cie\u0144 ametystu = #216 amethyst<\/p>\n\n<p><strong>Naturalna Szminka Matowa:<\/strong><strong><\/strong><\/p>\n\n<p><strong>1. Czy nawet przy d\u0142u\u017cszym noszeniu Naturalna Szminka Felicea pozostawia usta nawil\u017cone?<\/strong><strong><\/strong><\/p>\n\n<p>Naturalna Matowa Szminka Felicea zawiera naturalne oleje, woski i emolienty, dlatego pozwala utrzyma\u0107 sk\u00f3r\u0119 ust w dobrej kondycji.<\/p>\n\n<p><strong>2. Czy kolory Naturalnej Szminki Matowej Felicea uleg\u0142y zmianie?<\/strong><strong><\/strong><\/p>\n\n<p>Nie, kolory Szminki Matowej Felicea pozosta\u0142y bez zmian.<\/p>\n\n<p><strong>Naturalny Korektor do twarzy:<\/strong><strong><\/strong><\/p>\n\n<p><strong>1. Czy Naturalny Korektor Felicea r\u00f3wnomiernie rozk\u0142ada si\u0119 na sk\u00f3rze<\/strong><strong>?<\/strong><strong><\/strong><\/p>\n\n<p>Przy odpowiednim na\u0142o\u017ceniu, rozprowadzeniu i zblendowaniu z podk\u0142adem korektor nie osadza si\u0119 w za\u0142amaniach, przy sk\u00f3rze suchej mo\u017ce by\u0107 jednak widoczny.<\/p>\n\n<p><strong>2. Czy Naturalny Korektor Felicea jest odpowiedni dla os<\/strong><strong>\u00f3<\/strong><strong>b starszych z such\u0105 sk<\/strong><strong>\u00f3<\/strong><strong>r\u0105<\/strong><strong>?<\/strong><strong><\/strong><\/p>\n\n<p>Przy suchej sk\u00f3rze produkt mo\u017ce by\u0107 widoczny w za\u0142amaniach.<\/p>\n\n<p><strong>3. Czy ze wzgl\u0119du na kremow\u0105 konsystencj\u0119 mo\u017cna nak\u0142<\/strong><strong>ada<\/strong><strong>\u0107 Naturalny Korektor Felicea r<\/strong><strong>\u00f3<\/strong><strong>wnie\u017c pod oczy?<\/strong><strong><\/strong><\/p>\n\n<p>Tak, korektor mo\u017cna nak\u0142ada\u0107 pod oczy. Polecamy rozetrze\u0107 go opuszkami palc\u00f3w, wtedy pod wp\u0142ywem ciep\u0142a staje si\u0119 \u0142atwiejszy w aplikacji.<\/p>\n\n<p><strong>Naturalny Bronzer i Naturalny Roz\u015bwietlacz:<\/strong><strong><\/strong><\/p>\n\n<p><strong>1. Czy obydwa produkty s\u0105 odpowiednie do konturowania na mokro?<\/strong><\/p>\n\n<p>Tak.<\/p>\n\n<p><strong>Naturalna Kredka Wielofunkcyjna:<\/strong><strong><\/strong><\/p>\n\n<p><strong>1. Naturalna Kredka Wielofunkcyjna Felicea na drugim miejscu w sk\u0142adzie ma Isostearyl Isostearate, kt<\/strong><strong>\u00f3<\/strong><strong>ry jest sk\u0142adnikiem wysoko komedogennym. Dlaczego znalaz\u0142 si\u0119 w sk\u0142adzie kredki, do czego s\u0142u\u017cy i czy jest bezpieczny dla sk<\/strong><strong>\u00f3<\/strong><strong>ry?<\/strong><strong><\/strong><\/p>\n\n<p>Surowiec ten jest w pe\u0142ni bezpieczny do stosowania na sk\u00f3rze. To emolient, kt\u00f3ry u\u0142atwia aplikacj\u0119 produktu, chroni sk\u00f3r\u0119 i nadaje formule odpowiedniego po\u0142ysku.<\/p>\n\n<p><strong>Og\u00f3lne:<\/strong><strong><\/strong><\/p>\n\n<p><strong>1. Czy wszystkie naturalne kosmetyki Felicea s\u0105 bezpieczne dla kobiet w ci\u0105\u017cy i dla alergik<\/strong><strong>\u00f3<\/strong><strong>w?<\/strong><strong><\/strong><\/p>\n\n<p>Nie prowadzimy bada\u0144 ani test\u00f3w pod k\u0105tem bezpiecze\u0144stwa kobiet w ci\u0105\u017cy oraz alergii. Ka\u017cdy alergik powinien dok\u0142adnie zweryfikowa\u0107 sk\u0142ad produktu (INCI). Nale\u017cy pami\u0119ta\u0107, \u017ce sk\u0142adniki naturalne s\u0105 cz\u0119stsz\u0105 przyczyn\u0105 alergii ni\u017c surowce syntetyczne, dlatego indywidualna weryfikacja jest tak bardzo istotna.<\/p>\n\n<p><strong>2. Czy w naturalnych kosmetykach Felicea zawarte s\u0105 metale ci\u0119\u017ckie, takie jak o\u0142\u00f3w i nikiel?<\/strong><strong><\/strong><\/p>\n\n<p>Metale ci\u0119\u017ckie wyst\u0119puj\u0105 naturalnie, s\u0105 obecne w \u015brodowisku i mog\u0105 przechodzi\u0107 w \u015bladowych ilo\u015bciach do surowc\u00f3w, szczeg\u00f3lnie do pigment\u00f3w mineralnych. Zawarto\u015b\u0107 metali ci\u0119\u017ckich w kosmetykach Felicea jest znacznie poni\u017cej normy i wynosi odpowiednio:<\/p>\n\n<p>Poziom o\u0142owiu w produktach jest znacznie poni\u017cej 0,5 mg\/kg.<\/p>\n\n<p>Poziom niklu w produktach jest znacznie poni\u017cej 0,1 mg\/kg.<\/p>\n\n<p><strong>3. Czy naturalne kosmetyki Felicea s\u0105 wega\u0144skie?<\/strong><strong><\/strong><\/p>\n\n<p>Nie wszystkie produkty marki Felicea s\u0105 wega\u0144skie, cz\u0119\u015b\u0107 z nich zawiera wosk pszczeli (np. korektor i kredka do oczu). Produkty wega\u0144skie zosta\u0142y oznaczone symbolem Vegan.<\/p>\n\n<p><strong>4. Czy naturalne kosmetyki Felicea s\u0105 testowane na zwierz\u0119tach?<\/strong><\/p>\n\n<p>Nie prowadzimy test\u00f3w na zwierz\u0119tach, korzystamy jedynie z surowc\u00f3w kosmetycznych, kt\u00f3re zgodnie z prawem r\u00f3wnie\u017c nie mog\u0105 by\u0107 testowane na zwierz\u0119tach. Nie eksportujemy kosmetyk\u00f3w do kraj\u00f3w wymagaj\u0105cych test\u00f3w na zwierz\u0119tach.<\/p>\n\n<p><strong>5. Co oznacza symbol otwartego s\u0142oiczka na opakowaniu kosmetyku?<\/strong><\/p>\n\n<p>Symbol otwartego s\u0142oiczka to tzw. PAO, czyli z ang. Period After Opening (czas po otwarciu). Napis 3M, 6M i 12M oznacza, \u017ce kosmetyk nale\u017cy zu\u017cy\u0107 odpowiednio maksymalnie w ci\u0105gu 3, 6 lub 12 miesi\u0119cy od otwarcia. Producenci mog\u0105 skorzysta\u0107 z tego oznaczenia jedynie wtedy, gdy kosmetyk ma termin wa\u017cno\u015bci powy\u017cej 30 miesi\u0119cy.<\/p>\n\n<p><strong>6. Jak Felicea oznacza dat\u0119 wa\u017cno\u015bci kosmetyku?<\/strong><\/p>\n\n<p>Symbol klepsydry z dat\u0105 MM.RRRR wskazuje miesi\u0105c i rok wa\u017cno\u015bci danego kosmetyku. Wi\u0119kszo\u015b\u0107 kosmetyk\u00f3w Felicea posiada dat\u0119 wa\u017cno\u015bci maksymalnie 24 miesi\u0105ce od daty produkcji.<\/p>\n\n<p><strong>Zam\u00f3wienia:<\/strong><\/p>\n\n<p><strong>1. Dlaczego do mojego zam\u00f3wienia nie zosta\u0142 do\u0142\u0105czony paragon?<\/strong><\/p>\n\n<p class=\"has-text-align-left\">W przypadku sprzeda\u017cy produkt\u00f3w przez nasz sklep internetowy www.felicea.pl jeste\u015bmy zwolnieni z ewidencji za pomoc\u0105 kasy fiskalnej, zgodnie z rozporz\u0105dzeniem Ministra finans\u00f3w z dnia 28.12.2018 \u201ew sprawie zwolnie\u0144 z obowi\u0105zku prowadzenia ewidencji przy zastosowaniu kas rejestruj\u0105cych&#8221;, za\u0142\u0105cznik nr 1, pozycja 36: \u201eDostawa towar\u00f3w w systemie wysy\u0142kowym (poczt\u0105 lub przesy\u0142kami kurierskimi), je\u017celi dostawca towaru otrzyma w ca\u0142o\u015bci zap\u0142at\u0119 za wykonan\u0105 czynno\u015b\u0107 za po\u015brednictwem poczty, banku lub sp\u00f3\u0142dzielczej kasy oszcz\u0119dno\u015bciowo-kredytowej (odpowiednio na rachunek bankowy podatnika lub na rachunek podatnika w sp\u00f3\u0142dzielczej kasie oszcz\u0119dno\u015bciowo-kredytowej, kt\u00f3rej jest cz\u0142onkiem), a z ewidencji i dowod\u00f3w dokumentuj\u0105cych zap\u0142at\u0119 jednoznacznie wynika, jakiej konkretnie czynno\u015bci dotyczy\u0142a i na czyj\u0105 rzecz zosta\u0142a dokonana (dane nabywcy, w tym jego adres)\u201d.<\/p>\n","protected":false},"excerpt":{"rendered":"<p>Naturalny podk\u0142ad: 1. Czy mo\u017cna nak\u0142ada\u0107 pod Naturalny Podk\u0142ad Felicea krem nawil\u017caj\u0105cy? Czy nie zwa\u017cy to produktu? Tak, mo\u017cna nak\u0142ada\u0107 krem. Odpowiednia piel\u0119gnacja sk\u00f3ry jest wskazana przed na\u0142o\u017ceniem makija\u017cu. 2. Czy krycie mo\u017cna stopniowa\u0107 poprzez nak\u0142adanie<\/p>\n","protected":false},"author":1,"featured_media":0,"parent":0,"menu_order":0,"comment_status":"closed","ping_status":"closed","template":"template-parts\/page-text.php","meta":{"_acf_changed":false,"inline_featured_image":false,"footnotes":""},"class_list":["post-2613","page","type-page","status-publish","hentry","entry"],"acf":[],"yoast_head":"<!-- This site is optimized with the Yoast SEO plugin v26.7 - https:\/\/yoast.com\/wordpress\/plugins\/seo\/ -->\n<title>FAQ - Felicea<\/title>\n<meta name=\"robots\" content=\"index, follow, max-snippet:-1, max-image-preview:large, max-video-preview:-1\" \/>\n<link rel=\"canonical\" href=\"https:\/\/felicea.pl\/en\/faq\/\" \/>\n<meta property=\"og:locale\" content=\"en_US\" \/>\n<meta property=\"og:type\" content=\"article\" \/>\n<meta property=\"og:title\" content=\"FAQ - Felicea\" \/>\n<meta property=\"og:description\" content=\"Naturalny podk\u0142ad: 1. Czy mo\u017cna nak\u0142ada\u0107 pod Naturalny Podk\u0142ad Felicea krem nawil\u017caj\u0105cy? Czy nie zwa\u017cy to produktu? Tak, mo\u017cna nak\u0142ada\u0107 krem. Odpowiednia piel\u0119gnacja sk\u00f3ry jest wskazana przed na\u0142o\u017ceniem makija\u017cu. 2. Czy krycie mo\u017cna stopniowa\u0107 poprzez nak\u0142adanie\" \/>\n<meta property=\"og:url\" content=\"https:\/\/felicea.pl\/en\/faq\/\" \/>\n<meta property=\"og:site_name\" content=\"Felicea\" \/>\n<meta property=\"article:modified_time\" content=\"2022-02-23T09:58:55+00:00\" \/>\n<meta name=\"twitter:card\" content=\"summary_large_image\" \/>\n<meta name=\"twitter:label1\" content=\"Est. reading time\" \/>\n\t<meta name=\"twitter:data1\" content=\"5 minutes\" \/>\n<script type=\"application\/ld+json\" class=\"yoast-schema-graph\">{\"@context\":\"https:\/\/schema.org\",\"@graph\":[{\"@type\":\"WebPage\",\"@id\":\"https:\/\/felicea.pl\/en\/faq\/\",\"url\":\"https:\/\/felicea.pl\/en\/faq\/\",\"name\":\"FAQ - Felicea\",\"isPartOf\":{\"@id\":\"https:\/\/felicea.pl\/#website\"},\"datePublished\":\"2022-02-23T09:37:45+00:00\",\"dateModified\":\"2022-02-23T09:58:55+00:00\",\"breadcrumb\":{\"@id\":\"https:\/\/felicea.pl\/en\/faq\/#breadcrumb\"},\"inLanguage\":\"en-US\",\"potentialAction\":[{\"@type\":\"ReadAction\",\"target\":[\"https:\/\/felicea.pl\/en\/faq\/\"]}]},{\"@type\":\"BreadcrumbList\",\"@id\":\"https:\/\/felicea.pl\/en\/faq\/#breadcrumb\",\"itemListElement\":[{\"@type\":\"ListItem\",\"position\":1,\"name\":\"Strona g\u0142\u00f3wna\",\"item\":\"https:\/\/felicea.pl\/en\/\"},{\"@type\":\"ListItem\",\"position\":2,\"name\":\"FAQ\"}]},{\"@type\":\"WebSite\",\"@id\":\"https:\/\/felicea.pl\/#website\",\"url\":\"https:\/\/felicea.pl\/\",\"name\":\"Felicea\",\"description\":\"Naturalne kosmetyki do makija\u017cu\",\"publisher\":{\"@id\":\"https:\/\/felicea.pl\/#organization\"},\"alternateName\":\"Naturalne kosmetyki do makija\u017cu\",\"potentialAction\":[{\"@type\":\"SearchAction\",\"target\":{\"@type\":\"EntryPoint\",\"urlTemplate\":\"https:\/\/felicea.pl\/?s={search_term_string}\"},\"query-input\":{\"@type\":\"PropertyValueSpecification\",\"valueRequired\":true,\"valueName\":\"search_term_string\"}}],\"inLanguage\":\"en-US\"},{\"@type\":\"Organization\",\"@id\":\"https:\/\/felicea.pl\/#organization\",\"name\":\"Felicea\",\"alternateName\":\"Naturalne kosmetyki do makija\u017cu\",\"url\":\"https:\/\/felicea.pl\/\",\"logo\":{\"@type\":\"ImageObject\",\"inLanguage\":\"en-US\",\"@id\":\"https:\/\/felicea.pl\/#\/schema\/logo\/image\/\",\"url\":\"https:\/\/felicea.pl\/wp-content\/uploads\/2021\/07\/logo.png\",\"contentUrl\":\"https:\/\/felicea.pl\/wp-content\/uploads\/2021\/07\/logo.png\",\"width\":143,\"height\":36,\"caption\":\"Felicea\"},\"image\":{\"@id\":\"https:\/\/felicea.pl\/#\/schema\/logo\/image\/\"}}]}<\/script>\n<!-- \/ Yoast SEO plugin. -->","yoast_head_json":{"title":"FAQ - Felicea","robots":{"index":"index","follow":"follow","max-snippet":"max-snippet:-1","max-image-preview":"max-image-preview:large","max-video-preview":"max-video-preview:-1"},"canonical":"https:\/\/felicea.pl\/en\/faq\/","og_locale":"en_US","og_type":"article","og_title":"FAQ - Felicea","og_description":"Naturalny podk\u0142ad: 1. Czy mo\u017cna nak\u0142ada\u0107 pod Naturalny Podk\u0142ad Felicea krem nawil\u017caj\u0105cy? Czy nie zwa\u017cy to produktu? Tak, mo\u017cna nak\u0142ada\u0107 krem. Odpowiednia piel\u0119gnacja sk\u00f3ry jest wskazana przed na\u0142o\u017ceniem makija\u017cu. 2. Czy krycie mo\u017cna stopniowa\u0107 poprzez nak\u0142adanie","og_url":"https:\/\/felicea.pl\/en\/faq\/","og_site_name":"Felicea","article_modified_time":"2022-02-23T09:58:55+00:00","twitter_card":"summary_large_image","twitter_misc":{"Est. reading time":"5 minutes"},"schema":{"@context":"https:\/\/schema.org","@graph":[{"@type":"WebPage","@id":"https:\/\/felicea.pl\/en\/faq\/","url":"https:\/\/felicea.pl\/en\/faq\/","name":"FAQ - Felicea","isPartOf":{"@id":"https:\/\/felicea.pl\/#website"},"datePublished":"2022-02-23T09:37:45+00:00","dateModified":"2022-02-23T09:58:55+00:00","breadcrumb":{"@id":"https:\/\/felicea.pl\/en\/faq\/#breadcrumb"},"inLanguage":"en-US","potentialAction":[{"@type":"ReadAction","target":["https:\/\/felicea.pl\/en\/faq\/"]}]},{"@type":"BreadcrumbList","@id":"https:\/\/felicea.pl\/en\/faq\/#breadcrumb","itemListElement":[{"@type":"ListItem","position":1,"name":"Strona g\u0142\u00f3wna","item":"https:\/\/felicea.pl\/en\/"},{"@type":"ListItem","position":2,"name":"FAQ"}]},{"@type":"WebSite","@id":"https:\/\/felicea.pl\/#website","url":"https:\/\/felicea.pl\/","name":"Felicea","description":"Naturalne kosmetyki do makija\u017cu","publisher":{"@id":"https:\/\/felicea.pl\/#organization"},"alternateName":"Naturalne kosmetyki do makija\u017cu","potentialAction":[{"@type":"SearchAction","target":{"@type":"EntryPoint","urlTemplate":"https:\/\/felicea.pl\/?s={search_term_string}"},"query-input":{"@type":"PropertyValueSpecification","valueRequired":true,"valueName":"search_term_string"}}],"inLanguage":"en-US"},{"@type":"Organization","@id":"https:\/\/felicea.pl\/#organization","name":"Felicea","alternateName":"Naturalne kosmetyki do makija\u017cu","url":"https:\/\/felicea.pl\/","logo":{"@type":"ImageObject","inLanguage":"en-US","@id":"https:\/\/felicea.pl\/#\/schema\/logo\/image\/","url":"https:\/\/felicea.pl\/wp-content\/uploads\/2021\/07\/logo.png","contentUrl":"https:\/\/felicea.pl\/wp-content\/uploads\/2021\/07\/logo.png","width":143,"height":36,"caption":"Felicea"},"image":{"@id":"https:\/\/felicea.pl\/#\/schema\/logo\/image\/"}}]}},"_links":{"self":[{"href":"https:\/\/felicea.pl\/en\/wp-json\/wp\/v2\/pages\/2613","targetHints":{"allow":["GET"]}}],"collection":[{"href":"https:\/\/felicea.pl\/en\/wp-json\/wp\/v2\/pages"}],"about":[{"href":"https:\/\/felicea.pl\/en\/wp-json\/wp\/v2\/types\/page"}],"author":[{"embeddable":true,"href":"https:\/\/felicea.pl\/en\/wp-json\/wp\/v2\/users\/1"}],"replies":[{"embeddable":true,"href":"https:\/\/felicea.pl\/en\/wp-json\/wp\/v2\/comments?post=2613"}],"version-history":[{"count":4,"href":"https:\/\/felicea.pl\/en\/wp-json\/wp\/v2\/pages\/2613\/revisions"}],"predecessor-version":[{"id":2617,"href":"https:\/\/felicea.pl\/en\/wp-json\/wp\/v2\/pages\/2613\/revisions\/2617"}],"wp:attachment":[{"href":"https:\/\/felicea.pl\/en\/wp-json\/wp\/v2\/media?parent=2613"}],"curies":[{"name":"wp","href":"https:\/\/api.w.org\/{rel}","templated":true}]}}